{"id":1556,"date":"2021-09-01T10:05:00","date_gmt":"2021-09-01T07:05:00","guid":{"rendered":"http:\/\/lni.ro\/?page_id=1556"},"modified":"2023-10-31T11:36:11","modified_gmt":"2023-10-31T08:36:11","slug":"proiect-rose-romanian-secondary-education-project","status":"publish","type":"page","link":"https:\/\/lni.ro\/?page_id=1556","title":{"rendered":"Proiect ROSE (ROmanian Secondary Education project)"},"content":{"rendered":"\t\t<div data-elementor-type=\"wp-page\" data-elementor-id=\"1556\" class=\"elementor elementor-1556\">\n\t\t\t\t\t\t<section class=\"elementor-section elementor-top-section elementor-element elementor-element-459a366 elementor-section-boxed elementor-section-height-default elementor-section-height-default\" data-id=\"459a366\" data-element_type=\"section\" data-e-type=\"section\">\n\t\t\t\t\t\t<div class=\"elementor-container elementor-column-gap-default\">\n\t\t\t\t\t<div class=\"elementor-column elementor-col-100 elementor-top-column elementor-element elementor-element-018b757\" data-id=\"018b757\" data-element_type=\"column\" data-e-type=\"column\">\n\t\t\t<div class=\"elementor-widget-wrap elementor-element-populated\">\n\t\t\t\t\t\t<div class=\"elementor-element elementor-element-26b2ccc elementor-widget elementor-widget-text-editor\" data-id=\"26b2ccc\" data-element_type=\"widget\" data-e-type=\"widget\" data-widget_type=\"text-editor.default\">\n\t\t\t\t\t\t\t\t\t<p style=\"color: #666666; line-height: 1.5; margin-right: 0px; margin-bottom: 15px; margin-left: 0px;\">Schema de Granturi pentru Licee<\/p><p style=\"color: #666666; line-height: 1.5; margin-right: 0px; margin-bottom: 15px; margin-left: 0px;\">Beneficiar:\u00a0<strong style=\"font-weight: bold;\">LICEUL TEHNOLOGIC &#8222;NICOLAE IORGA&#8221; NEGRE\u0218TI<\/strong><\/p><p style=\"color: #666666; line-height: 1.5; margin-right: 0px; margin-bottom: 15px; margin-left: 0px;\">Titlul subproiectului:\u00a0<strong style=\"font-weight: bold;\">\u201eBACALAUREAT &#8211; oportunitate pentru viitor\u201d<\/strong><\/p><p style=\"color: #666666; line-height: 1.5; margin-right: 0px; margin-bottom: 15px; margin-left: 0px;\">Acord de grant nr.<strong style=\"font-weight: bold;\">\u00a0<\/strong><strong style=\"font-weight: bold;\">SGL\/RII\/542\u00a0<\/strong><\/p><p style=\"color: #666666; line-height: 1.5; margin-right: 0px; margin-bottom: 15px; margin-left: 0px; text-align: justify;\"><b>LICEUL TEHNOLOGIC &#8222;NICOLAE IORGA&#8221; NEGRE\u0218TI\u00a0<\/b>a devenit beneficiarul unui grant \u00een cadrul Rundei a doua a Schemei de Granturi pentru Licee (SGL) a Proiectului privind \u00cenv\u0103\u021b\u0103m\u00e2ntul Secundar \u2013 ROSE, \u00een urma semn\u0103rii Acordului de grant \u00eentre Ministerul Educa\u021biei Na\u021bionale \u2013 Unitatea de Management al Proiectelor cu Finan\u021bare Extern\u0103 (MEN-UMPFE) \u0219i Liceul Tehnologic\u00a0 &#8222;Nicolae Iorga&#8221; Negre\u0219ti.<\/p><p style=\"color: #666666; line-height: 1.5; margin-right: 0px; margin-bottom: 15px; margin-left: 0px; text-align: justify;\">ROSE este un proiect care \u00ee\u0219i propune s\u0103 contribuie la reducerea abandonului \u00een \u00eenv\u0103\u021b\u0103m\u00e2ntul secundar \u0219i ter\u021biar\u00a0 \u0219i la\u00a0 cre\u0219terea ratei de promovare a examenului de bacalaureat.\u00a0<\/p><p style=\"color: #666666; line-height: 1.5; margin-right: 0px; margin-bottom: 15px; margin-left: 0px; text-align: justify;\">Proiectul, finan\u021bat printr-un \u00eemprumut de 200 de milioane de euro acordat de Banca Interna\u021bional\u0103 pentru Reconstruc\u021bie \u0219i Dezvoltare, va fi implementat de c\u0103tre Ministerul Educa\u021biei Na\u021bionale pe o perioad\u0103 de\u00a0 7 ani, \u00eentre 2015 \u0219i 2022.<\/p><p style=\"color: #666666; line-height: 1.5; margin-right: 0px; margin-bottom: 15px; margin-left: 0px; text-align: justify;\">Proiectul este structurat \u00een trei componente, primele dou\u0103 fiind concepute pentru a aborda aspecte de natur\u0103 academic\u0103 \u0219i social\u0103 care conduc la performan\u021ba sc\u0103zut\u0103 a elevilor \u00een \u00eenv\u0103\u021b\u0103m\u00e2ntul secundar superior, precum \u0219i \u00een primii ani din \u00eenv\u0103\u021b\u0103m\u00e2ntul ter\u021biar. A treia component\u0103 include at\u00e2t managementul de proiect, monitorizarea \u0219i evaluarea impactului acestuia, c\u00e2t \u0219i activitatea de evaluare a interven\u021biilor existente, care abordeaz\u0103 constr\u00e2ngerile financiare ale elevilor din \u00eenv\u0103\u021b\u0103m\u00e2ntul secundar superior provenind din grupuri dezavantajate.<\/p><p style=\"color: #666666; line-height: 1.5; margin-right: 0px; margin-bottom: 15px; margin-left: 0px; text-align: justify;\">O sec\u021biune dedicat\u0103 proiectului ROSE (realizat\u0103 de elevul \u0218tirbu \u0218erban-Gabriel) se g\u0103se\u0219te <a href=\"http:\/\/www.lni.ro\/PROIECTE\/ROSE\/\">AICI<\/a> (pe smartphone, se recomand\u0103 utilizarea versiunii Desktop). <span style=\"color: #ff0000;\">Aten\u021bie, zona con\u021bine fi\u0219iere multimedia \u0219i este posibil s\u0103 se genereze costuri suplimentare dac\u0103 accesa\u021bi folosind datele mobile.<\/span><\/p>\t\t\t\t\t\t\t\t<\/div>\n\t\t\t\t\t<\/div>\n\t\t<\/div>\n\t\t\t\t\t<\/div>\n\t\t<\/section>\n\t\t\t\t<\/div>\n\t\t","protected":false},"excerpt":{"rendered":"<p>Schema de Granturi pentru Licee Beneficiar:\u00a0LICEUL TEHNOLOGIC &#8222;NICOLAE IORGA&#8221; NEGRE\u0218TI Titlul subproiectului:\u00a0\u201eBACALAUREAT &#8211; oportunitate pentru viitor\u201d Acord de grant nr.\u00a0SGL\/RII\/542\u00a0 LICEUL TEHNOLOGIC &#8222;NICOLAE IORGA&#8221; NEGRE\u0218TI\u00a0a devenit beneficiarul unui grant \u00een cadrul Rundei a doua a Schemei de Granturi pentru Licee (SGL) a Proiectului privind \u00cenv\u0103\u021b\u0103m\u00e2ntul Secundar \u2013 ROSE, \u00een urma semn\u0103rii Acordului de grant \u00eentre&#8230;<\/p>\n<p class=\"more-link-wrap\"><a href=\"https:\/\/lni.ro\/?page_id=1556\" class=\"more-link\">Read More<span class=\"screen-reader-text\"> &ldquo;Proiect ROSE (ROmanian Secondary Education project)&rdquo;<\/span> &raquo;<\/a><\/p>\n","protected":false},"author":1,"featured_media":0,"parent":0,"menu_order":0,"comment_status":"closed","ping_status":"closed","template":"","meta":{"footnotes":""},"class_list":["post-1556","page","type-page","status-publish","hentry"],"_links":{"self":[{"href":"https:\/\/lni.ro\/index.php?rest_route=\/wp\/v2\/pages\/1556","targetHints":{"allow":["GET"]}}],"collection":[{"href":"https:\/\/lni.ro\/index.php?rest_route=\/wp\/v2\/pages"}],"about":[{"href":"https:\/\/lni.ro\/index.php?rest_route=\/wp\/v2\/types\/page"}],"author":[{"embeddable":true,"href":"https:\/\/lni.ro\/index.php?rest_route=\/wp\/v2\/users\/1"}],"replies":[{"embeddable":true,"href":"https:\/\/lni.ro\/index.php?rest_route=%2Fwp%2Fv2%2Fcomments&post=1556"}],"version-history":[{"count":23,"href":"https:\/\/lni.ro\/index.php?rest_route=\/wp\/v2\/pages\/1556\/revisions"}],"predecessor-version":[{"id":6643,"href":"https:\/\/lni.ro\/index.php?rest_route=\/wp\/v2\/pages\/1556\/revisions\/6643"}],"wp:attachment":[{"href":"https:\/\/lni.ro\/index.php?rest_route=%2Fwp%2Fv2%2Fmedia&parent=1556"}],"curies":[{"name":"wp","href":"https:\/\/api.w.org\/{rel}","templated":true}]}}