{"id":1933,"date":"2020-06-14T12:02:00","date_gmt":"2020-06-14T09:02:00","guid":{"rendered":"http:\/\/lni.ro\/?page_id=1933"},"modified":"2022-06-14T15:46:13","modified_gmt":"2022-06-14T12:46:13","slug":"frds","status":"publish","type":"page","link":"https:\/\/lni.ro\/?page_id=1933","title":{"rendered":"FRDS"},"content":{"rendered":"\t\t<div data-elementor-type=\"wp-page\" data-elementor-id=\"1933\" class=\"elementor elementor-1933\">\n\t\t\t\t\t\t<section class=\"elementor-section elementor-top-section elementor-element elementor-element-d27f4c4 elementor-section-boxed elementor-section-height-default elementor-section-height-default\" data-id=\"d27f4c4\" data-element_type=\"section\" data-e-type=\"section\">\n\t\t\t\t\t\t<div class=\"elementor-container elementor-column-gap-default\">\n\t\t\t\t\t<div class=\"elementor-column elementor-col-100 elementor-top-column elementor-element elementor-element-aa1315b\" data-id=\"aa1315b\" data-element_type=\"column\" data-e-type=\"column\">\n\t\t\t<div class=\"elementor-widget-wrap elementor-element-populated\">\n\t\t\t\t\t\t<div class=\"elementor-element elementor-element-8d858de elementor-widget elementor-widget-text-editor\" data-id=\"8d858de\" data-element_type=\"widget\" data-e-type=\"widget\" data-widget_type=\"text-editor.default\">\n\t\t\t\t\t\t\t\t\t<p><span style=\"font-family: georgia, palatino, serif;\">Proiectul s-a\u00a0implementat\u00a0\u00een Liceul Tehnologic \u201eIon Mincu\u201d Vaslui, Liceul Tehnologic \u201ePetru Rare\u0219\u201d B\u00e2rlad \u0219i <strong>Liceul Tehnologic \u201eNicolae Iorga\u201d Negre\u0219ti<\/strong>, \u00een perioada 10 februarie 2015 \u2013 31 Ianuarie 2017, perioad\u0103 \u00een care s-au\u00a0derulat programe educa\u021bionale remediale\/de excelen\u021b\u0103 \u0219i activit\u0103\u021bi educative nonformale pentru elevi, ateliere de formare pentru cadrele didactice \u0219i p\u0103rin\u021bii din grupul \u021bint\u0103.<\/span><\/p><p><span style=\"font-family: georgia, palatino, serif;\">Momentan, proiectul este \u00een perioada de sustenabilitate (2017-2022). \u00cen aceast\u0103 perioad\u0103:<\/span><\/p><ul><li><span style=\"font-family: georgia, palatino, serif;\">s-au continuat activit\u0103\u021bile remediale pentru elevii r\u0103ma\u0219i\u00a0din grupul \u021bint\u0103 al proiectului;<\/span><\/li><li><span style=\"font-family: georgia, palatino, serif;\">s-au reluat activit\u0103\u021bile remediale pentru noii elevi \u00eenscri\u0219i \u00een grupul \u021bint\u0103, aferent perioadei de sustenabilitate;<\/span><\/li><li><span style=\"font-family: georgia, palatino, serif;\">s-a realizat consilierea \u00een carier\u0103 pentru to\u021bi elevii din grupul \u021bint\u0103;<\/span><\/li><li><span style=\"font-family: georgia, palatino, serif;\">s-au organizat activit\u0103\u021bi de educa\u021bie nonformal\u0103 pentru cadre didactice, elevi \u0219i p\u0103rin\u021bi;<\/span><\/li><li><span style=\"font-family: georgia, palatino, serif;\">s-a asigurat subven\u021bia de hran\u0103 pentru elevii ce compun\u00a0grupul \u021bint\u0103.<\/span><\/li><\/ul><p><span style=\"font-family: georgia, palatino, serif;\"><strong>Activit\u0103\u021bile desf\u0103\u0219urate \u00een perioada de sustenabilitate sunt:<\/strong><\/span><\/p><ul><li><span style=\"font-family: georgia, palatino, serif;\">Organizarea unei <strong>\u0219edin\u021be de informare la \u00eenceputul anului \u0219colar<\/strong> la care au participat elevi, cadre didactice \u0219i p\u0103rin\u021bi;<\/span><\/li><li><span style=\"font-family: georgia, palatino, serif;\"><strong>Actualizarea echipei locale de proiect \u0219i a grupului \u021bint\u0103 <\/strong>pentru anul \u0219colar \u00een curs;<\/span><\/li><li><span style=\"font-family: georgia, palatino, serif;\">S-au stabilit <strong>priorit\u0103\u021bile<\/strong> proiectului: <strong>educa\u021bia remedial\u0103 \u0219i consilierea \u00een carier\u0103<\/strong>;<\/span><\/li><li><span style=\"font-family: georgia, palatino, serif;\">S-au <strong>elaborat teste ini\u021biale, de progres \u0219i finale pentru fiecare din disciplinele:<\/strong> Limba \u0219i literatura rom\u00e2n\u0103, Matematic\u0103 \u0219i Biologie;<\/span><\/li><li><span style=\"font-family: georgia, palatino, serif;\"><strong>S-au aplicat testele,<\/strong>\u00a0\u00een cadrul activit\u0103\u021bilor, \u0219i <strong>s-au identificat nevoile grupului \u021bint\u0103<\/strong>;<\/span><\/li><li><span style=\"font-family: georgia, palatino, serif;\"><strong>S-au actualizat programele remediale, conform rezultatelor testelor ini\u021biale\/de progres,<\/strong>\u00a0pentru disciplinele pentru care se realizeaz\u0103 educa\u021bia remedial\u0103;<\/span><\/li><li><span style=\"font-family: georgia, palatino, serif;\"><strong>S-a stabilit orarul s\u0103pt\u0103m\u00e2nal: <\/strong>pentru\u00a0preg\u0103tire remedial\u0103, respectiv orientarea \u00een carier\u0103;<\/span><\/li><li><span style=\"font-family: georgia, palatino, serif;\"><strong>S-au f\u0103cut demersuri pentru alocarea subven\u021biei de hran\u0103, de la Consiliul Local. Pentru \u00eendeplinirea obliga\u021biilor contractuale, conducerea liceului\u00a0a luat decizia de a acorda o mas\u0103 cald\u0103, la cantina unit\u0103\u021bii, suportat\u0103 financiar din fondurile extrabugetare;<\/strong><\/span><\/li><li><span style=\"font-family: georgia, palatino, serif;\"><strong>S-au organizat activit\u0103\u021bi nonformale,<\/strong>\u00a0\u00een colaborare cu CJRAE Vaslui,\u00a0(la care au participat\u00a0echipa de proiect, elevi \u0219i p\u0103rin\u021bi) pe urm\u0103toarele teme:\u00a0<em>&#8222;Explorarea traseelor educa\u021bionale \u0219i profesionale&#8221;<\/em>,\u00a0<em>&#8222;Planul meu \u00een carier\u0103&#8221;<\/em>\u00a0(activitate de promovare profesional\u0103)<\/span><\/li><\/ul><h2><span style=\"font-family: georgia, palatino, serif;\"><strong>Imagini &#8211; activit\u0103\u021bilor remediale:<\/strong><\/span><\/h2><p><span style=\"font-family: georgia, palatino, serif;\"><a href=\" https:\/\/lni.ro\/wp-content\/uploads\/2022\/06\/001.jpg \"><img decoding=\"async\" src=\" https:\/\/lni.ro\/wp-content\/uploads\/2022\/06\/001.jpg\" width=\"100px\" \/><\/a>\u00a0 <a href=\" https:\/\/lni.ro\/wp-content\/uploads\/2022\/06\/002.jpg \"><img decoding=\"async\" src=\" https:\/\/lni.ro\/wp-content\/uploads\/2022\/06\/002.jpg\" width=\"100px\" \/><\/a>\u00a0 <a href=\" https:\/\/lni.ro\/wp-content\/uploads\/2022\/06\/003.jpg \"><img decoding=\"async\" src=\" https:\/\/lni.ro\/wp-content\/uploads\/2022\/06\/003.jpg\" width=\"100px\" \/><\/a>\u00a0 <a href=\" https:\/\/lni.ro\/wp-content\/uploads\/2022\/06\/004.jpg \"><img decoding=\"async\" src=\" https:\/\/lni.ro\/wp-content\/uploads\/2022\/06\/004.jpg\" width=\"100px\" \/><\/a>\u00a0 <a href=\" https:\/\/lni.ro\/wp-content\/uploads\/2022\/06\/005.jpg \"><img decoding=\"async\" src=\" https:\/\/lni.ro\/wp-content\/uploads\/2022\/06\/005.jpg\" width=\"100px\" \/><\/a>\u00a0 <a href=\" https:\/\/lni.ro\/wp-content\/uploads\/2022\/06\/006.jpg \"><img decoding=\"async\" src=\" https:\/\/lni.ro\/wp-content\/uploads\/2022\/06\/006.jpg\" width=\"100px\" \/><\/a>\u00a0 <a href=\" https:\/\/lni.ro\/wp-content\/uploads\/2022\/06\/007.jpg \"><img decoding=\"async\" src=\" https:\/\/lni.ro\/wp-content\/uploads\/2022\/06\/007.jpg\" width=\"100px\" \/><\/a>\u00a0 <a href=\" https:\/\/lni.ro\/wp-content\/uploads\/2022\/06\/008.jpg \"><img decoding=\"async\" src=\" https:\/\/lni.ro\/wp-content\/uploads\/2022\/06\/008.jpg\" width=\"100px\" \/><\/a>\u00a0 <a href=\" https:\/\/lni.ro\/wp-content\/uploads\/2022\/06\/009.jpg \"><img decoding=\"async\" src=\" https:\/\/lni.ro\/wp-content\/uploads\/2022\/06\/009.jpg\" width=\"100px\" \/><\/a>\u00a0 <a href=\" https:\/\/lni.ro\/wp-content\/uploads\/2022\/06\/010.jpg \"><img decoding=\"async\" src=\" https:\/\/lni.ro\/wp-content\/uploads\/2022\/06\/010.jpg\" width=\"100px\" \/><\/a>\u00a0 <a href=\" https:\/\/lni.ro\/wp-content\/uploads\/2022\/06\/011.jpg \"><img decoding=\"async\" src=\" https:\/\/lni.ro\/wp-content\/uploads\/2022\/06\/011.jpg\" width=\"100px\" \/><\/a>\u00a0 <a href=\" https:\/\/lni.ro\/wp-content\/uploads\/2022\/06\/012.jpg \"><img decoding=\"async\" src=\" https:\/\/lni.ro\/wp-content\/uploads\/2022\/06\/012.jpg\" width=\"100px\" \/><\/a>\u00a0 <a href=\" https:\/\/lni.ro\/wp-content\/uploads\/2022\/06\/013.jpg \"><img decoding=\"async\" src=\" https:\/\/lni.ro\/wp-content\/uploads\/2022\/06\/013.jpg\" width=\"100px\" \/><\/a>\u00a0 <a href=\" https:\/\/lni.ro\/wp-content\/uploads\/2022\/06\/014.jpg \"><img decoding=\"async\" src=\" https:\/\/lni.ro\/wp-content\/uploads\/2022\/06\/014.jpg\" width=\"100px\" \/><\/a>\u00a0<\/span><\/p><p><span style=\"font-family: georgia, palatino, serif;\"><a href=\" https:\/\/lni.ro\/wp-content\/uploads\/2022\/06\/043.jpg \"><img decoding=\"async\" src=\" https:\/\/lni.ro\/wp-content\/uploads\/2022\/06\/043.jpg\" width=\"100px\" \/><\/a>\u00a0 <a href=\" https:\/\/lni.ro\/wp-content\/uploads\/2022\/06\/044.jpg \"><img decoding=\"async\" src=\" https:\/\/lni.ro\/wp-content\/uploads\/2022\/06\/044.jpg\" width=\"100px\" \/><\/a>\u00a0 <a href=\" https:\/\/lni.ro\/wp-content\/uploads\/2022\/06\/045.jpg \"><img decoding=\"async\" src=\" https:\/\/lni.ro\/wp-content\/uploads\/2022\/06\/045.jpg\" width=\"100px\" \/><\/a>\u00a0 <a href=\" https:\/\/lni.ro\/wp-content\/uploads\/2022\/06\/046.jpg \"><img decoding=\"async\" src=\" https:\/\/lni.ro\/wp-content\/uploads\/2022\/06\/046.jpg\" width=\"100px\" \/><\/a>\u00a0 <a href=\" https:\/\/lni.ro\/wp-content\/uploads\/2022\/06\/047.png \"><img decoding=\"async\" src=\" https:\/\/lni.ro\/wp-content\/uploads\/2022\/06\/047.png\" width=\"100px\" \/><\/a>\u00a0 <a href=\" https:\/\/lni.ro\/wp-content\/uploads\/2022\/06\/048.jpeg \"><img decoding=\"async\" src=\" https:\/\/lni.ro\/wp-content\/uploads\/2022\/06\/048.jpeg\" width=\"100px\" \/><\/a>\u00a0 <a href=\" https:\/\/lni.ro\/wp-content\/uploads\/2022\/06\/049.jpeg \"><img decoding=\"async\" src=\" https:\/\/lni.ro\/wp-content\/uploads\/2022\/06\/049.jpeg\" width=\"100px\" \/><\/a>\u00a0 <a href=\" https:\/\/lni.ro\/wp-content\/uploads\/2022\/06\/050.jpeg \"><img decoding=\"async\" src=\" https:\/\/lni.ro\/wp-content\/uploads\/2022\/06\/050.jpeg\" width=\"100px\" \/><\/a>\u00a0 <a href=\" https:\/\/lni.ro\/wp-content\/uploads\/2022\/06\/051.jpeg \"><img decoding=\"async\" src=\" https:\/\/lni.ro\/wp-content\/uploads\/2022\/06\/051.jpeg\" width=\"100px\" \/><\/a>\u00a0 <a href=\" https:\/\/lni.ro\/wp-content\/uploads\/2022\/06\/052.jpeg \"><img decoding=\"async\" src=\" https:\/\/lni.ro\/wp-content\/uploads\/2022\/06\/052.jpeg\" width=\"100px\" \/><\/a>\u00a0 <a href=\" https:\/\/lni.ro\/wp-content\/uploads\/2022\/06\/053.jpeg \"><img decoding=\"async\" src=\" https:\/\/lni.ro\/wp-content\/uploads\/2022\/06\/053.jpeg\" width=\"100px\" \/><\/a>\u00a0 <a href=\" https:\/\/lni.ro\/wp-content\/uploads\/2022\/06\/054.jpeg \"><img decoding=\"async\" src=\" https:\/\/lni.ro\/wp-content\/uploads\/2022\/06\/054.jpeg\" width=\"100px\" \/><\/a>\u00a0 <a href=\" https:\/\/lni.ro\/wp-content\/uploads\/2022\/06\/055.jpg \"><img decoding=\"async\" src=\" https:\/\/lni.ro\/wp-content\/uploads\/2022\/06\/055.jpg\" width=\"100px\" \/><\/a>\u00a0 <a href=\" https:\/\/lni.ro\/wp-content\/uploads\/2022\/06\/056.jpg \"><img decoding=\"async\" src=\" https:\/\/lni.ro\/wp-content\/uploads\/2022\/06\/056.jpg\" width=\"100px\" \/><\/a>\u00a0 <a href=\" https:\/\/lni.ro\/wp-content\/uploads\/2022\/06\/057.jpg \"><img decoding=\"async\" src=\" https:\/\/lni.ro\/wp-content\/uploads\/2022\/06\/057.jpg\" width=\"100px\" \/><\/a>\u00a0 <a href=\" https:\/\/lni.ro\/wp-content\/uploads\/2022\/06\/058.jpg \"><img decoding=\"async\" src=\" https:\/\/lni.ro\/wp-content\/uploads\/2022\/06\/058.jpg\" width=\"100px\" \/><\/a>\u00a0 <a href=\" https:\/\/lni.ro\/wp-content\/uploads\/2022\/06\/059.jpg \"><img decoding=\"async\" src=\" https:\/\/lni.ro\/wp-content\/uploads\/2022\/06\/059.jpg\" width=\"100px\" \/><\/a>\u00a0 <a href=\" https:\/\/lni.ro\/wp-content\/uploads\/2022\/06\/060.jpg \"><img decoding=\"async\" src=\" https:\/\/lni.ro\/wp-content\/uploads\/2022\/06\/060.jpg\" width=\"100px\" \/><\/a>\u00a0 <a href=\" https:\/\/lni.ro\/wp-content\/uploads\/2022\/06\/061.jpg \"><img decoding=\"async\" src=\" https:\/\/lni.ro\/wp-content\/uploads\/2022\/06\/061.jpg\" width=\"100px\" \/><\/a>\u00a0 <a href=\" https:\/\/lni.ro\/wp-content\/uploads\/2022\/06\/062-scaled.jpeg \"><img decoding=\"async\" src=\" https:\/\/lni.ro\/wp-content\/uploads\/2022\/06\/062-scaled.jpeg\" width=\"100px\" \/><\/a>\u00a0 <a href=\" https:\/\/lni.ro\/wp-content\/uploads\/2022\/06\/063-scaled.jpeg \"><img decoding=\"async\" src=\" https:\/\/lni.ro\/wp-content\/uploads\/2022\/06\/063-scaled.jpeg\" width=\"100px\" \/><\/a>\u00a0 <a href=\" https:\/\/lni.ro\/wp-content\/uploads\/2022\/06\/064.jpg \"><img decoding=\"async\" src=\" https:\/\/lni.ro\/wp-content\/uploads\/2022\/06\/064.jpg\" width=\"100px\" \/><\/a>\u00a0 <a href=\" https:\/\/lni.ro\/wp-content\/uploads\/2022\/06\/065.jpg \"><img decoding=\"async\" src=\" https:\/\/lni.ro\/wp-content\/uploads\/2022\/06\/065.jpg\" width=\"100px\" \/><\/a>\u00a0 <a href=\" https:\/\/lni.ro\/wp-content\/uploads\/2022\/06\/066.jpg \"><img decoding=\"async\" src=\" https:\/\/lni.ro\/wp-content\/uploads\/2022\/06\/066.jpg\" width=\"100px\" \/><\/a>\u00a0 <a href=\" https:\/\/lni.ro\/wp-content\/uploads\/2022\/06\/067.jpg \"><img decoding=\"async\" src=\" https:\/\/lni.ro\/wp-content\/uploads\/2022\/06\/067.jpg\" width=\"100px\" \/><\/a>\u00a0<\/span><\/p><h2><span style=\"font-family: georgia, palatino, serif;\"><strong>Imagini &#8211; activit\u0103\u021bilor de consiliere:<\/strong><\/span><\/h2><p><span style=\"font-family: georgia, palatino, serif;\"><a href=\" https:\/\/lni.ro\/wp-content\/uploads\/2022\/06\/015-1.jpg \"><img decoding=\"async\" src=\" https:\/\/lni.ro\/wp-content\/uploads\/2022\/06\/015-1.jpg\" width=\"100px\" \/><\/a>\u00a0 <a href=\" https:\/\/lni.ro\/wp-content\/uploads\/2022\/06\/016-1.jpg \"><img decoding=\"async\" src=\" https:\/\/lni.ro\/wp-content\/uploads\/2022\/06\/016-1.jpg\" width=\"100px\" \/><\/a>\u00a0 <a href=\" https:\/\/lni.ro\/wp-content\/uploads\/2022\/06\/017-1.jpg \"><img decoding=\"async\" src=\" https:\/\/lni.ro\/wp-content\/uploads\/2022\/06\/017-1.jpg\" width=\"100px\" \/><\/a>\u00a0 <a href=\" https:\/\/lni.ro\/wp-content\/uploads\/2022\/06\/018-1-scaled.jpg \"><img decoding=\"async\" src=\" https:\/\/lni.ro\/wp-content\/uploads\/2022\/06\/018-1-scaled.jpg\" width=\"100px\" \/><\/a>\u00a0 <a href=\" https:\/\/lni.ro\/wp-content\/uploads\/2022\/06\/019-1-scaled.jpg \"><img decoding=\"async\" src=\" https:\/\/lni.ro\/wp-content\/uploads\/2022\/06\/019-1-scaled.jpg\" width=\"100px\" \/><\/a>\u00a0 <a href=\" https:\/\/lni.ro\/wp-content\/uploads\/2022\/06\/020-scaled.jpg \"><img decoding=\"async\" src=\" https:\/\/lni.ro\/wp-content\/uploads\/2022\/06\/020-scaled.jpg\" width=\"100px\" \/><\/a>\u00a0 <a href=\" https:\/\/lni.ro\/wp-content\/uploads\/2022\/06\/021.jpg \"><img decoding=\"async\" src=\" https:\/\/lni.ro\/wp-content\/uploads\/2022\/06\/021.jpg\" width=\"100px\" \/><\/a>\u00a0<\/span><\/p><p><span style=\"font-family: georgia, palatino, serif;\"><a href=\" https:\/\/lni.ro\/wp-content\/uploads\/2022\/06\/021-1.jpg \"><img decoding=\"async\" src=\" https:\/\/lni.ro\/wp-content\/uploads\/2022\/06\/021-1.jpg\" width=\"100px\" \/><\/a>\u00a0 <a href=\" https:\/\/lni.ro\/wp-content\/uploads\/2022\/06\/022.jpg \"><img decoding=\"async\" src=\" https:\/\/lni.ro\/wp-content\/uploads\/2022\/06\/022.jpg\" width=\"100px\" \/><\/a>\u00a0 <a href=\" https:\/\/lni.ro\/wp-content\/uploads\/2022\/06\/023.jpg \"><img decoding=\"async\" src=\" https:\/\/lni.ro\/wp-content\/uploads\/2022\/06\/023.jpg\" width=\"100px\" \/><\/a>\u00a0 <a href=\" https:\/\/lni.ro\/wp-content\/uploads\/2022\/06\/024.jpg \"><img decoding=\"async\" src=\" https:\/\/lni.ro\/wp-content\/uploads\/2022\/06\/024.jpg\" width=\"100px\" \/><\/a>\u00a0 <a href=\" https:\/\/lni.ro\/wp-content\/uploads\/2022\/06\/025.jpg \"><img decoding=\"async\" src=\" https:\/\/lni.ro\/wp-content\/uploads\/2022\/06\/025.jpg\" width=\"100px\" \/><\/a>\u00a0 <a href=\" https:\/\/lni.ro\/wp-content\/uploads\/2022\/06\/026.jpg \"><img decoding=\"async\" src=\" https:\/\/lni.ro\/wp-content\/uploads\/2022\/06\/026.jpg\" width=\"100px\" \/><\/a>\u00a0 <a href=\" https:\/\/lni.ro\/wp-content\/uploads\/2022\/06\/027.jpg \"><img decoding=\"async\" src=\" https:\/\/lni.ro\/wp-content\/uploads\/2022\/06\/027.jpg\" width=\"100px\" \/><\/a>\u00a0 <a href=\" https:\/\/lni.ro\/wp-content\/uploads\/2022\/06\/028.jpg \"><img decoding=\"async\" src=\" https:\/\/lni.ro\/wp-content\/uploads\/2022\/06\/028.jpg\" width=\"100px\" \/><\/a>\u00a0 <a href=\" https:\/\/lni.ro\/wp-content\/uploads\/2022\/06\/029.jpg \"><img decoding=\"async\" src=\" https:\/\/lni.ro\/wp-content\/uploads\/2022\/06\/029.jpg\" width=\"100px\" \/><\/a>\u00a0 <a href=\" https:\/\/lni.ro\/wp-content\/uploads\/2022\/06\/031.jpg \"><img decoding=\"async\" src=\" https:\/\/lni.ro\/wp-content\/uploads\/2022\/06\/031.jpg\" width=\"100px\" \/><\/a>\u00a0 <a href=\" https:\/\/lni.ro\/wp-content\/uploads\/2022\/06\/032.jpg \"><img decoding=\"async\" src=\" https:\/\/lni.ro\/wp-content\/uploads\/2022\/06\/032.jpg\" width=\"100px\" \/><\/a>\u00a0 <a href=\" https:\/\/lni.ro\/wp-content\/uploads\/2022\/06\/033.jpg \"><img decoding=\"async\" src=\" https:\/\/lni.ro\/wp-content\/uploads\/2022\/06\/033.jpg\" width=\"100px\" \/><\/a>\u00a0 <a href=\" https:\/\/lni.ro\/wp-content\/uploads\/2022\/06\/034.jpg \"><img decoding=\"async\" src=\" https:\/\/lni.ro\/wp-content\/uploads\/2022\/06\/034.jpg\" width=\"100px\" \/><\/a>\u00a0 <a href=\" https:\/\/lni.ro\/wp-content\/uploads\/2022\/06\/035.jpg \"><img decoding=\"async\" src=\" https:\/\/lni.ro\/wp-content\/uploads\/2022\/06\/035.jpg\" width=\"100px\" \/><\/a>\u00a0 <a href=\" https:\/\/lni.ro\/wp-content\/uploads\/2022\/06\/036.jpg \"><img decoding=\"async\" src=\" https:\/\/lni.ro\/wp-content\/uploads\/2022\/06\/036.jpg\" width=\"100px\" \/><\/a>\u00a0 <a href=\" https:\/\/lni.ro\/wp-content\/uploads\/2022\/06\/037.jpg \"><img decoding=\"async\" src=\" https:\/\/lni.ro\/wp-content\/uploads\/2022\/06\/037.jpg\" width=\"100px\" \/><\/a>\u00a0 <a href=\" https:\/\/lni.ro\/wp-content\/uploads\/2022\/06\/038.jpg \"><img decoding=\"async\" src=\" https:\/\/lni.ro\/wp-content\/uploads\/2022\/06\/038.jpg\" width=\"100px\" \/><\/a>\u00a0 <a href=\" https:\/\/lni.ro\/wp-content\/uploads\/2022\/06\/039.jpg \"><img decoding=\"async\" src=\" https:\/\/lni.ro\/wp-content\/uploads\/2022\/06\/039.jpg\" width=\"100px\" \/><\/a>\u00a0 <a href=\" https:\/\/lni.ro\/wp-content\/uploads\/2022\/06\/040.jpg \"><img decoding=\"async\" src=\" https:\/\/lni.ro\/wp-content\/uploads\/2022\/06\/040.jpg\" width=\"100px\" \/><\/a>\u00a0 <a href=\" https:\/\/lni.ro\/wp-content\/uploads\/2022\/06\/041.jpg \"><img decoding=\"async\" src=\" https:\/\/lni.ro\/wp-content\/uploads\/2022\/06\/041.jpg\" width=\"100px\" \/><\/a>\u00a0 <a href=\" https:\/\/lni.ro\/wp-content\/uploads\/2022\/06\/042.jpg \"><img decoding=\"async\" src=\" https:\/\/lni.ro\/wp-content\/uploads\/2022\/06\/042.jpg\" width=\"100px\" \/><\/a>\u00a0<\/span><\/p><p><span style=\"font-family: georgia, palatino, serif;\">Pentru informa\u021bii suplimentare accesa\u021bi\u00a0site-ul proiectului, la adresa:\u00a0<a href=\"https:\/\/www.programe-educationale.ro\/\">https:\/\/www.programe-educationale.ro\/<\/a><\/span><\/p>\t\t\t\t\t\t\t\t<\/div>\n\t\t\t\t\t<\/div>\n\t\t<\/div>\n\t\t\t\t\t<\/div>\n\t\t<\/section>\n\t\t\t\t<\/div>\n\t\t","protected":false},"excerpt":{"rendered":"<p>Proiectul s-a&nbsp;implementat&nbsp;\u00een Liceul Tehnologic \u201eIon Mincu\u201d Vaslui, Liceul Tehnologic \u201ePetru Rare\u0219\u201d B\u00e2rlad \u0219i Liceul Tehnologic \u201eNicolae Iorga\u201d Negre\u0219ti, \u00een perioada 10 februarie 2015 \u2013 31 Ianuarie 2017, perioad\u0103 \u00een care s-au&nbsp;derulat programe educa\u021bionale remediale\/de excelen\u021b\u0103 \u0219i activit\u0103\u021bi educative nonformale pentru elevi, ateliere de formare pentru cadrele didactice \u0219i p\u0103rin\u021bii din grupul \u021bint\u0103. Momentan, proiectul este&#8230;<\/p>\n<p class=\"more-link-wrap\"><a href=\"https:\/\/lni.ro\/?page_id=1933\" class=\"more-link\">Read More<span class=\"screen-reader-text\"> &ldquo;FRDS&rdquo;<\/span> &raquo;<\/a><\/p>\n","protected":false},"author":1,"featured_media":0,"parent":0,"menu_order":0,"comment_status":"closed","ping_status":"closed","template":"","meta":{"footnotes":""},"class_list":["post-1933","page","type-page","status-publish","hentry"],"_links":{"self":[{"href":"https:\/\/lni.ro\/index.php?rest_route=\/wp\/v2\/pages\/1933","targetHints":{"allow":["GET"]}}],"collection":[{"href":"https:\/\/lni.ro\/index.php?rest_route=\/wp\/v2\/pages"}],"about":[{"href":"https:\/\/lni.ro\/index.php?rest_route=\/wp\/v2\/types\/page"}],"author":[{"embeddable":true,"href":"https:\/\/lni.ro\/index.php?rest_route=\/wp\/v2\/users\/1"}],"replies":[{"embeddable":true,"href":"https:\/\/lni.ro\/index.php?rest_route=%2Fwp%2Fv2%2Fcomments&post=1933"}],"version-history":[{"count":20,"href":"https:\/\/lni.ro\/index.php?rest_route=\/wp\/v2\/pages\/1933\/revisions"}],"predecessor-version":[{"id":2028,"href":"https:\/\/lni.ro\/index.php?rest_route=\/wp\/v2\/pages\/1933\/revisions\/2028"}],"wp:attachment":[{"href":"https:\/\/lni.ro\/index.php?rest_route=%2Fwp%2Fv2%2Fmedia&parent=1933"}],"curies":[{"name":"wp","href":"https:\/\/api.w.org\/{rel}","templated":true}]}}