{"id":3,"date":"2021-08-26T09:23:46","date_gmt":"2021-08-26T09:23:46","guid":{"rendered":"http:\/\/lni.ro\/?page_id=3"},"modified":"2021-09-06T15:38:58","modified_gmt":"2021-09-06T12:38:58","slug":"politica-de-confidentialitate","status":"publish","type":"page","link":"https:\/\/lni.ro\/?page_id=3","title":{"rendered":"Politic\u0103 de confiden\u021bialitate"},"content":{"rendered":"\n<h2 class=\"wp-block-heading\">Cine suntem<\/h2>\n\n\n\n<p><strong>LNI.RO<\/strong>&nbsp;este un site al <strong>Liceului Tehnologic &#8222;Nicolae Iorga&#8221; Negre\u0219ti<\/strong>, jud. Vaslui. Prin utilizarea site-ului accepta\u021bi politica de confiden\u021bialitate a datelor prezentat\u0103 \u00een cele ce urmeaz\u0103.<\/p>\n\n\n\n<p><strong>Politica de confiden\u021bialitate<\/strong> se refer\u0103 la colectarea \u0219i utilizarea informa\u021biilor personale pe care ni le furniza\u021bi atunci c\u00e2nd vizita\u021bi acest site.<\/p>\n\n\n\n<p>Ne rezerv\u0103m dreptul de a modifica sau \u00eendep\u0103rta, la liber\u0103 alegere, por\u021biuni ale Politicii de confiden\u021bialitate. Ve\u021bi g\u0103si de fiecare dat\u0103 ultima variant\u0103 a acestei Politici la aceast\u0103 adres\u0103 \u00eempreun\u0103 cu data ultimei modific\u0103ri. Aceast\u0103 Politic\u0103 este o completare la oricare al\u021bi termeni \u0219i condi\u021bii aplicabili site-ului<strong>\u00a0lni.ro<\/strong>. Acest document stabile\u0219te reguli care privesc exclusiv site-ul\u00a0<strong>lni.ro<\/strong> \u0219i nu au nici un efect asupra site-urilor c\u0103tre care avem leg\u0103turi din site-ul\u00a0<strong>lni.ro<\/strong>. <strong>Liceul Tehnologic &#8222;Nicolae Iorga&#8221; Negre\u0219ti<\/strong>\u00a0este con\u0219tient\u0103 de importan\u021ba protej\u0103rii informa\u021biilor colectate despre dvs., \u00een mod special acele informa\u021bii capabile s\u0103 v\u0103 identifice ca individ (\u201cinforma\u021bii personale\u201d).\u00a0Acest document guverneaz\u0103 modul \u00een care colect\u0103m \u0219i utiliz\u0103m aceste informa\u021bii. Aceast\u0103 Politic\u0103 ar trebui verificat\u0103 periodic pentru a fi la curent cu orice modific\u0103ri.<\/p>\n\n\n\n<h2 class=\"wp-block-heading\">Comentarii<\/h2>\n\n\n\n<p>C\u00e2nd vizitatorii las\u0103 comentarii pe<strong> lni.ro<\/strong>, colect\u0103m datele ar\u0103tate \u00een formularele de comentarii, dar \u0219i adresa IP a vizitatorului \u0219i \u0219irul agen\u021bilor utilizator din navigator pentru a ne ajuta la detectarea spamului.<\/p>\n\n\n\n<p>Un \u0219ir f\u0103cut anonim (numit \u0219i un hash), creat din adresele tale de email, poate fi furnizat serviciului Gravatar pentru a vedea dac\u0103 \u00eel folose\u0219ti. Politica de confiden\u021bialitate a serviciului Gravatar este disponibil\u0103 aici: <a href=\"https:\/\/automattic.com\/privacy\/\">https:\/\/automattic.com\/privacy\/<\/a>. Dup\u0103 aprobarea comentariului, fotografia ta de profil este vizibil\u0103 pentru public l\u00e2ng\u0103 comentariul t\u0103u.<\/p>\n\n\n\n<h2 class=\"wp-block-heading\">Media<\/h2>\n\n\n\n<p>Dac\u0103 \u00eencarci imagini pe <strong>lni.ro<\/strong>, ar trebui s\u0103 evi\u021bi \u00eenc\u0103rcarea imaginilor care au incluse date de loca\u021bie \u00eenglobate (EXIF GPS). Vizitatorii site-ului web pot desc\u0103rca \u0219i extrage toate datele despre loca\u021bie din imaginile de pe site.<\/p>\n\n\n\n<h2 class=\"wp-block-heading\">Cookie-uri<\/h2>\n\n\n\n<p>Dac\u0103 la\u0219i un comentariu pe site-ul nostru, po\u021bi opta pentru salvarea \u00een cookie-uri a numelui, adresei de email \u0219i site-ului t\u0103u web. Acestea sunt pentru confortul t\u0103u, astfel nu mai trebuie s\u0103 le completezi din nou c\u00e2nd la\u0219i un alt comentariu. Aceste cookie-uri vor fi valabile un an.<\/p>\n\n\n\n<p>Dac\u0103 mergi la pagina noastr\u0103 de autentificare, vom seta un cookie temporar pentru a determina dac\u0103 navigatorul t\u0103u accept\u0103 cookie-uri. Acest cookie nu con\u021bine date personale \u0219i este eliminat c\u00e2nd \u00eenchizi navigatorul.<\/p>\n\n\n\n<p>C\u00e2nd te autentifici, vom seta \u0219i c\u00e2teva cookie-uri pentru a-\u021bi salva informa\u021biile de autentificare \u0219i op\u021biunile de afi\u0219are pe ecran. Cookie-urile de autentificare sunt p\u0103strate dou\u0103 zile, iar cele pentru op\u021biuni de afi\u0219are pe ecran sunt p\u0103strate un an. Dac\u0103 selectezi \u201e\u021aine-m\u0103 minte\u201d, cookie-urile tale de autentificare vor fi p\u0103strate dou\u0103 s\u0103pt\u0103m\u00e2ni. Dac\u0103 te dezautentifici din cont, cookie-urile de autentificare vor fi eliminate.<\/p>\n\n\n\n<p>Dac\u0103 editezi sau publici un articol, un cookie suplimentar va fi salvat \u00een navigatorul t\u0103u. Acest cookie nu include date personale \u0219i indic\u0103 pur \u0219i simplu ID-ul articolului pe care tocmai l-ai editat. El expir\u0103 dup\u0103 1 zi.<\/p>\n\n\n\n<h2 class=\"wp-block-heading\">Con\u021binut \u00eenglobat de pe alte site-uri web<\/h2>\n\n\n\n<p>Articolele din acest site pot include con\u021binut \u00eenglobat (de exemplu, videouri, imagini, articole etc.). Con\u021binutul \u00eenglobat de pe alte site-uri web se comporta exact la fel ca \u0219i cum vizitatorii au vizualizat un alt site web.<\/p>\n\n\n\n<p>Aceste site-uri web pot s\u0103 colecteze date despre tine, s\u0103 foloseasc\u0103 cookie-uri, s\u0103 \u00eenglobeze urm\u0103rirea suplimentar\u0103 a ter\u021bilor \u0219i s\u0103-\u021bi monitorizeze interac\u021biunea cu con\u021binutul \u00eenglobat, inclusiv s\u0103-\u021bi urm\u0103reasc\u0103 interac\u021biunea cu con\u021binutul \u00eenglobat dac\u0103 ai un cont \u0219i e\u0219ti autentificat \u00een acel site web.<\/p>\n\n\n\n<h2 class=\"wp-block-heading\">C\u00e2t timp \u00ee\u021bi p\u0103str\u0103m datele<\/h2>\n\n\n\n<p>Dac\u0103 la\u0219i un comentariu, comentariul \u0219i metadatele lui sunt p\u0103strate pe o perioad\u0103 nedeterminat\u0103. A\u0219a putem recunoa\u0219te \u0219i aproba automat toate comentariile urm\u0103toare \u00een loc s\u0103 le \u021binem \u00eentr-o coad\u0103 pentru moderare.<\/p>\n\n\n\n<p>Pentru utilizatorii \u00eenregistra\u021bi pe lni.ro, stoc\u0103m \u0219i informa\u021biile personale pe care le furnizeaz\u0103 \u00een profilul lor de utilizator. To\u021bi utilizatorii \u00ee\u0219i pot vedea, edita sau \u0219terge informa\u021biile personale oric\u00e2nd (dar nu \u00ee\u0219i pot schimba numele de utilizator). De asemenea, administratorii site-ului web pot vedea \u0219i edita aceste informa\u021bii.<\/p>\n\n\n\n<h2 class=\"wp-block-heading\">Ce drepturi ai asupra datelor tale<\/h2>\n\n\n\n<p>Dac\u0103 ai un cont sau ai l\u0103sat comentarii pe lni.ro, po\u021bi cere s\u0103 prime\u0219ti un fi\u0219ier de export cu datele cu caracter personal pe care le de\u021binem despre tine, inclusiv toate datele pe care ni le-ai furnizat. De asemenea, ne po\u021bi cere s\u0103 \u0219tergem toate datele cu caracter personal pe care le de\u021binem despre tine. Acestea nu includ \u0219i toate datele pe care suntem obliga\u021bi s\u0103 le p\u0103str\u0103m \u00een scopuri administrative, juridice sau de securitate.<\/p>\n\n\n\n<h2 class=\"wp-block-heading\">Unde \u00ee\u021bi trimitem datele<\/h2>\n\n\n\n<p>Comentariile vizitatorilor pot fi verificate printr-un serviciu automat de detectare a spamului.<\/p>\n\n\n\n<h2 class=\"wp-block-heading\">Actualizat ast\u0103zi, 06.09.2021.<\/h2>\n","protected":false},"excerpt":{"rendered":"<p>Cine suntem LNI.RO&nbsp;este un site al Liceului Tehnologic &#8222;Nicolae Iorga&#8221; Negre\u0219ti, jud. Vaslui. Prin utilizarea site-ului accepta\u021bi politica de confiden\u021bialitate a datelor prezentat\u0103 \u00een cele ce urmeaz\u0103. Politica de confiden\u021bialitate se refer\u0103 la colectarea \u0219i utilizarea informa\u021biilor personale pe care ni le furniza\u021bi atunci c\u00e2nd vizita\u021bi acest site. Ne rezerv\u0103m dreptul de a modifica sau&#8230;<\/p>\n<p class=\"more-link-wrap\"><a href=\"https:\/\/lni.ro\/?page_id=3\" class=\"more-link\">Read More<span class=\"screen-reader-text\"> &ldquo;Politic\u0103 de confiden\u021bialitate&rdquo;<\/span> &raquo;<\/a><\/p>\n","protected":false},"author":1,"featured_media":0,"parent":0,"menu_order":0,"comment_status":"closed","ping_status":"open","template":"","meta":{"footnotes":""},"class_list":["post-3","page","type-page","status-publish","hentry"],"_links":{"self":[{"href":"https:\/\/lni.ro\/index.php?rest_route=\/wp\/v2\/pages\/3","targetHints":{"allow":["GET"]}}],"collection":[{"href":"https:\/\/lni.ro\/index.php?rest_route=\/wp\/v2\/pages"}],"about":[{"href":"https:\/\/lni.ro\/index.php?rest_route=\/wp\/v2\/types\/page"}],"author":[{"embeddable":true,"href":"https:\/\/lni.ro\/index.php?rest_route=\/wp\/v2\/users\/1"}],"replies":[{"embeddable":true,"href":"https:\/\/lni.ro\/index.php?rest_route=%2Fwp%2Fv2%2Fcomments&post=3"}],"version-history":[{"count":3,"href":"https:\/\/lni.ro\/index.php?rest_route=\/wp\/v2\/pages\/3\/revisions"}],"predecessor-version":[{"id":190,"href":"https:\/\/lni.ro\/index.php?rest_route=\/wp\/v2\/pages\/3\/revisions\/190"}],"wp:attachment":[{"href":"https:\/\/lni.ro\/index.php?rest_route=%2Fwp%2Fv2%2Fmedia&parent=3"}],"curies":[{"name":"wp","href":"https:\/\/api.w.org\/{rel}","templated":true}]}}