{"id":52,"date":"2021-08-26T12:25:14","date_gmt":"2021-08-26T10:25:14","guid":{"rendered":"http:\/\/lni.ro\/?page_id=52"},"modified":"2021-08-26T12:25:14","modified_gmt":"2021-08-26T10:25:14","slug":"scurt-istoric","status":"publish","type":"page","link":"https:\/\/lni.ro\/?page_id=52","title":{"rendered":"Scurt istoric"},"content":{"rendered":"\n<p>La 1 septembrie 1958, printr-un ordin al Inspectoratului \u0218colar al regiunii Ia\u0219i se \u00eenfiin\u021beaz\u0103 \u0218coala Medie Mixt\u0103 &#8222;23 August&#8221;, cu denumirea oficial\u0103 de sorginte sovietic\u0103, ini\u021bial cu o prim\u0103 clas\u0103 a VIII-a, \u00een structura liceelor cu 11 clase. Noua institu\u021bie nu avea un spa\u021biu propriu de func\u021bionare, primind o sal\u0103 de clas\u0103 \u00een incinta \u0218colii generale.<\/p>\n\n\n\n<p>\u00cen anul 1959 se finalizeaz\u0103 construc\u021bia cl\u0103dirii de pe strada G\u0103rii, primul sediu al liceului, \u00een incinta vechii cur\u021bi boiere\u0219ti, unde func\u021bionase o jum\u0103tate de veac o \u0219coal\u0103 de meserii. Liceul a func\u021bionat aici, p\u00e2n\u0103 \u00een 1975, c\u00e2nd este mutat \u00een sediul actual. Tot \u00een 1975 apare, pentru prima dat\u0103, o clas\u0103 cu profil de construc\u021bii, semn prevestitor al transform\u0103rii ulterioare a \u0219colii, din liceu teoretic \u00eentr-unul industrial.<\/p>\n\n\n\n<p>Din 1978 unitatea \u0219colar\u0103 s-a transformat \u00een Liceul Industrial cu profil mecanic. Cei mai mul\u021bi absolven\u021bi din perioada 1978-1989 au fost repartiza\u021bi la diferite \u00eentreprinderi din \u021bar\u0103.<\/p>\n\n\n\n<p>\u00cen 1990 liceul devine Grup \u0218colar Industrial \u00eembin\u00e2nd profilurile teoretice \u0219i tehnice. Experien\u021ba \u0219i tradi\u021bia au fost decisive pentru liceul nostru \u00een aceast\u0103 perioad\u0103 de reconfigur\u0103ri \u0219i provoc\u0103ri majore, \u00een ceea ce prive\u0219te for\u021ba de a-\u0219i demonstra menirea pe care a avut-o \u00een aceast\u0103 zon\u0103.<\/p>\n\n\n\n<p>Din 1999, Grupul \u0218colar Industrial Negre\u0219ti se comaseaz\u0103 cu Grupul \u0218colar Agricol Negre\u0219ti, sub denumirea celui dint\u00e2i. A rezultat o structur\u0103 \u0219colar\u0103 de mare complexitate \u0219i foarte eterogen\u0103.<\/p>\n\n\n\n<p>Din 2 august 2007 \u0219coala cap\u0103t\u0103 denumirea de Grupul \u0218colar Industrial &#8222;Nicolae Iorga&#8221;. Motiva\u021bia acestui act se explic\u0103 prin nevoia de a personaliza, de a individualiza liceul \u00een raport cu alte licee din jude\u021b, iar paginile l\u0103sate de Nicolae Iorga despre t\u00e2rgul Negre\u0219ti, valoarea sa de model paideic \u0219i dimensiunea european\u0103 a personalit\u0103\u021bii sale multivalente sunt argumentele pentru care institu\u021bia noastr\u0103 poart\u0103 numele marelui istoric.<\/p>\n\n\n\n<p>Din 2012, prin decizia ISJ Vaslui de a individualiza liceele cu dubl\u0103 filier\u0103, teoretic\u0103 \u0219i tehnologic\u0103, unitatea \u0219colar\u0103 devine Liceul Tehnologic &#8222;Nicolae Iorga&#8221;.<\/p>\n","protected":false},"excerpt":{"rendered":"<p>La 1 septembrie 1958, printr-un ordin al Inspectoratului \u0218colar al regiunii Ia\u0219i se \u00eenfiin\u021beaz\u0103 \u0218coala Medie Mixt\u0103 &#8222;23 August&#8221;, cu denumirea oficial\u0103 de sorginte sovietic\u0103, ini\u021bial cu o prim\u0103 clas\u0103 a VIII-a, \u00een structura liceelor cu 11 clase. Noua institu\u021bie nu avea un spa\u021biu propriu de func\u021bionare, primind o sal\u0103 de clas\u0103 \u00een incinta \u0218colii&#8230;<\/p>\n<p class=\"more-link-wrap\"><a href=\"https:\/\/lni.ro\/?page_id=52\" class=\"more-link\">Read More<span class=\"screen-reader-text\"> &ldquo;Scurt istoric&rdquo;<\/span> &raquo;<\/a><\/p>\n","protected":false},"author":1,"featured_media":0,"parent":0,"menu_order":0,"comment_status":"closed","ping_status":"closed","template":"","meta":{"footnotes":""},"class_list":["post-52","page","type-page","status-publish","hentry"],"_links":{"self":[{"href":"https:\/\/lni.ro\/index.php?rest_route=\/wp\/v2\/pages\/52","targetHints":{"allow":["GET"]}}],"collection":[{"href":"https:\/\/lni.ro\/index.php?rest_route=\/wp\/v2\/pages"}],"about":[{"href":"https:\/\/lni.ro\/index.php?rest_route=\/wp\/v2\/types\/page"}],"author":[{"embeddable":true,"href":"https:\/\/lni.ro\/index.php?rest_route=\/wp\/v2\/users\/1"}],"replies":[{"embeddable":true,"href":"https:\/\/lni.ro\/index.php?rest_route=%2Fwp%2Fv2%2Fcomments&post=52"}],"version-history":[{"count":1,"href":"https:\/\/lni.ro\/index.php?rest_route=\/wp\/v2\/pages\/52\/revisions"}],"predecessor-version":[{"id":53,"href":"https:\/\/lni.ro\/index.php?rest_route=\/wp\/v2\/pages\/52\/revisions\/53"}],"wp:attachment":[{"href":"https:\/\/lni.ro\/index.php?rest_route=%2Fwp%2Fv2%2Fmedia&parent=52"}],"curies":[{"name":"wp","href":"https:\/\/api.w.org\/{rel}","templated":true}]}}