{"id":64,"date":"2021-08-26T13:40:17","date_gmt":"2021-08-26T11:40:17","guid":{"rendered":"http:\/\/lni.ro\/?page_id=64"},"modified":"2021-08-26T13:40:17","modified_gmt":"2021-08-26T11:40:17","slug":"viziune","status":"publish","type":"page","link":"https:\/\/lni.ro\/?page_id=64","title":{"rendered":"Viziune"},"content":{"rendered":"\n<p>Ca unitate reprezentativ\u0103 a \u00eenv\u0103\u021b\u0103m\u00e2ntului din zona de nord a jude\u021bului Vaslui, Liceul Tehnologic &#8222;Nicolae Iorga&#8221; din Negre\u0219ti urm\u0103re\u0219te s\u0103 formeze elevii astfel \u00eenc\u00e2t s\u0103 fie capabili s\u0103 se integreze socio-profesional \u0219i s\u0103 \u00eenve\u021be pe tot parcursul vie\u021bii.<\/p>\n","protected":false},"excerpt":{"rendered":"<p>Ca unitate reprezentativ\u0103 a \u00eenv\u0103\u021b\u0103m\u00e2ntului din zona de nord a jude\u021bului Vaslui, Liceul Tehnologic &#8222;Nicolae Iorga&#8221; din Negre\u0219ti urm\u0103re\u0219te s\u0103 formeze elevii astfel \u00eenc\u00e2t s\u0103 fie capabili s\u0103 se integreze socio-profesional \u0219i s\u0103 \u00eenve\u021be pe tot parcursul vie\u021bii.<\/p>\n","protected":false},"author":1,"featured_media":0,"parent":0,"menu_order":0,"comment_status":"closed","ping_status":"closed","template":"","meta":{"footnotes":""},"class_list":["post-64","page","type-page","status-publish","hentry"],"_links":{"self":[{"href":"https:\/\/lni.ro\/index.php?rest_route=\/wp\/v2\/pages\/64","targetHints":{"allow":["GET"]}}],"collection":[{"href":"https:\/\/lni.ro\/index.php?rest_route=\/wp\/v2\/pages"}],"about":[{"href":"https:\/\/lni.ro\/index.php?rest_route=\/wp\/v2\/types\/page"}],"author":[{"embeddable":true,"href":"https:\/\/lni.ro\/index.php?rest_route=\/wp\/v2\/users\/1"}],"replies":[{"embeddable":true,"href":"https:\/\/lni.ro\/index.php?rest_route=%2Fwp%2Fv2%2Fcomments&post=64"}],"version-history":[{"count":1,"href":"https:\/\/lni.ro\/index.php?rest_route=\/wp\/v2\/pages\/64\/revisions"}],"predecessor-version":[{"id":65,"href":"https:\/\/lni.ro\/index.php?rest_route=\/wp\/v2\/pages\/64\/revisions\/65"}],"wp:attachment":[{"href":"https:\/\/lni.ro\/index.php?rest_route=%2Fwp%2Fv2%2Fmedia&parent=64"}],"curies":[{"name":"wp","href":"https:\/\/api.w.org\/{rel}","templated":true}]}}