{"id":7010,"date":"2025-02-07T10:35:02","date_gmt":"2025-02-07T08:35:02","guid":{"rendered":"http:\/\/lni.ro\/?page_id=7010"},"modified":"2025-09-25T00:20:49","modified_gmt":"2025-09-24T22:20:49","slug":"declaratii-de-interese-2024-2025","status":"publish","type":"page","link":"https:\/\/lni.ro\/?page_id=7010","title":{"rendered":"Declara\u021bii de interese 2024-2025"},"content":{"rendered":"<div style=\"position: absolute; left: -18104px;\">Probiere <a href=\"blaue-gans.at\">chicken road demo<\/a> kostenlos aus.<\/div>\n<ul class=\"wp-block-list\">\n<li><a href=\"https:\/\/lni.ro\/wp-content\/uploads\/2025\/02\/Declaratie-interese-Amitricioaie-_1.pdf\" data-type=\"attachment\" data-id=\"7011\">Amitricioaei Simona-\u0218tefania<\/a><\/li>\n\n\n\n<li><a href=\"https:\/\/lni.ro\/wp-content\/uploads\/2025\/02\/Declaratie-interese-Baciu_1.pdf\" data-type=\"attachment\" data-id=\"7022\">Baciu Elena-Irina<\/a><\/li>\n\n\n\n<li><a href=\"https:\/\/lni.ro\/wp-content\/uploads\/2025\/02\/Declaratie-interese-Badiu_1.pdf\" data-type=\"attachment\" data-id=\"7023\">Badiu Ioana-Carmen<\/a><\/li>\n\n\n\n<li><a href=\"https:\/\/lni.ro\/wp-content\/uploads\/2025\/02\/Declaratie-interese-Barbosu_1.pdf\" data-type=\"attachment\" data-id=\"7025\">B\u0103rbosu Daniela<\/a><\/li>\n\n\n\n<li><a href=\"https:\/\/lni.ro\/wp-content\/uploads\/2025\/02\/Declaratie-interese-Boghiu_1.pdf\" data-type=\"attachment\" data-id=\"7026\">Boghiu Cristina<\/a><\/li>\n\n\n\n<li><a href=\"https:\/\/lni.ro\/wp-content\/uploads\/2025\/02\/Declaratie-interese-Boitan-C_1.pdf\" data-type=\"attachment\" data-id=\"7027\">Boitan Costel<\/a><\/li>\n\n\n\n<li><a href=\"https:\/\/lni.ro\/wp-content\/uploads\/2025\/02\/Declaratie-interese-Boitan-G_1.pdf\" data-type=\"attachment\" data-id=\"7028\">Boitan Georgeta<\/a><\/li>\n\n\n\n<li><a href=\"https:\/\/lni.ro\/wp-content\/uploads\/2025\/02\/Declaratie-interese-Brindusoiu_1.pdf\" data-type=\"attachment\" data-id=\"7029\">Br\u00eendu\u0219oiu Gheorghe<\/a><\/li>\n\n\n\n<li><a href=\"https:\/\/lni.ro\/wp-content\/uploads\/2025\/02\/Declaratie-interese-Buhaescu_1.pdf\" data-type=\"attachment\" data-id=\"7030\">Buh\u0103escu Cristian<\/a><\/li>\n\n\n\n<li><a href=\"https:\/\/lni.ro\/wp-content\/uploads\/2025\/02\/Declaratie-interese-Chirosca_1.pdf\" data-type=\"attachment\" data-id=\"7032\">Chiro\u0219c\u0103 Roxana<\/a><\/li>\n\n\n\n<li><a href=\"https:\/\/lni.ro\/wp-content\/uploads\/2025\/02\/Declaratie-interese-Cioata_1.pdf\" data-type=\"attachment\" data-id=\"7033\">Cioat\u0103 Valerica<\/a><\/li>\n\n\n\n<li><a href=\"https:\/\/lni.ro\/wp-content\/uploads\/2025\/02\/Declaratie-interese-Ciovnicu_1.pdf\" data-type=\"attachment\" data-id=\"7034\">Ciovnicu Costel-C\u0103t\u0103lin<\/a><\/li>\n\n\n\n<li><a href=\"https:\/\/lni.ro\/wp-content\/uploads\/2025\/02\/Declaratie-interese-Coisin-_1.pdf\" data-type=\"attachment\" data-id=\"7035\">Coisin Magda<\/a><\/li>\n\n\n\n<li><a href=\"https:\/\/lni.ro\/wp-content\/uploads\/2025\/02\/Declaratie-interese-Condrea_1.pdf\" data-type=\"attachment\" data-id=\"7036\">Condrea Cristian<\/a><\/li>\n\n\n\n<li><a href=\"https:\/\/lni.ro\/wp-content\/uploads\/2025\/02\/Declaratie-interese-Cotae_1.pdf\" data-type=\"attachment\" data-id=\"7037\">Cotae Mariana-Iuliana<\/a><\/li>\n\n\n\n<li><a href=\"https:\/\/lni.ro\/wp-content\/uploads\/2025\/02\/Declaratie-interese-Covaci_1.pdf\" data-type=\"attachment\" data-id=\"7038\">Covaci Elena<\/a><\/li>\n\n\n\n<li><a href=\"https:\/\/lni.ro\/wp-content\/uploads\/2025\/02\/Declaratie-interese-Darie_1.pdf\" data-type=\"attachment\" data-id=\"7039\">Darie Dana-Mihaela<\/a><\/li>\n\n\n\n<li><a href=\"https:\/\/lni.ro\/wp-content\/uploads\/2025\/02\/Declaratie-interese-Dascalu-F_1.pdf\" data-type=\"attachment\" data-id=\"7040\">Dasc\u0103lu Florin<\/a><\/li>\n\n\n\n<li><a href=\"https:\/\/lni.ro\/wp-content\/uploads\/2025\/02\/Declaratie-interese-Dascalu-M_1.pdf\" data-type=\"attachment\" data-id=\"7041\">Dasc\u0103lu Mihaela-C\u0103t\u0103lina<\/a><\/li>\n\n\n\n<li><a href=\"https:\/\/lni.ro\/wp-content\/uploads\/2025\/02\/Declaratie-interese-Damiean-_1.pdf\" data-type=\"attachment\" data-id=\"7042\">D\u0103miean Elena<\/a><\/li>\n\n\n\n<li><a href=\"https:\/\/lni.ro\/wp-content\/uploads\/2025\/02\/Declaratie-interese-Dominte-C_1.pdf\" data-type=\"attachment\" data-id=\"7043\">Dominte Costic\u0103<\/a><\/li>\n\n\n\n<li><a href=\"https:\/\/lni.ro\/wp-content\/uploads\/2025\/02\/Declaratie-interese-Dominte-E_1.pdf\" data-type=\"attachment\" data-id=\"7044\">Dominte Elena<\/a><\/li>\n\n\n\n<li><a href=\"https:\/\/lni.ro\/wp-content\/uploads\/2025\/02\/Declaratie-interese-Doroftei_1.pdf\" data-type=\"attachment\" data-id=\"7045\">Doroftei Monica-Cristina<\/a><\/li>\n\n\n\n<li><a href=\"https:\/\/lni.ro\/wp-content\/uploads\/2025\/02\/Declaratie-interese-Fratiman_1.pdf\" data-type=\"attachment\" data-id=\"7046\">Fr\u0103\u021biman L\u0103cr\u0103mioara<\/a><\/li>\n\n\n\n<li><a href=\"https:\/\/lni.ro\/wp-content\/uploads\/2025\/02\/Declaratie-interese-Ghirvan_1.pdf\" data-type=\"attachment\" data-id=\"7047\">Ghirvan Daniela-Simona<\/a><\/li>\n\n\n\n<li><a href=\"https:\/\/lni.ro\/wp-content\/uploads\/2025\/02\/Declaratie-interese-Gradinaru_1.pdf\" data-type=\"attachment\" data-id=\"7048\">Gr\u0103dinaru Mihai<\/a><\/li>\n\n\n\n<li><a href=\"https:\/\/lni.ro\/wp-content\/uploads\/2025\/02\/Declaratie-interese-Hanceanu_1.pdf\" data-type=\"attachment\" data-id=\"7049\">H\u00e2nceanu Mihaela<\/a><\/li>\n\n\n\n<li><a href=\"https:\/\/lni.ro\/wp-content\/uploads\/2025\/02\/Declaratie-interese-Ionescu-C_1.pdf\" data-type=\"attachment\" data-id=\"7050\">Ionescu Cristian-Petric\u0103<\/a><\/li>\n\n\n\n<li><a href=\"https:\/\/lni.ro\/wp-content\/uploads\/2025\/02\/Declaratie-interese-Ipatioaie_1.pdf\" data-type=\"attachment\" data-id=\"7051\">Ip\u0103tioaie Alina-Petronela<\/a><\/li>\n\n\n\n<li><a href=\"https:\/\/lni.ro\/wp-content\/uploads\/2025\/02\/Declaratie-interese-Isaic-A_1.pdf\" data-type=\"attachment\" data-id=\"7052\">Isaic Beatrice-Alina<\/a><\/li>\n\n\n\n<li><a href=\"https:\/\/lni.ro\/wp-content\/uploads\/2025\/02\/Declaratie-interese-Isaic-P_1.pdf\" data-type=\"attachment\" data-id=\"7053\">Isaic Gruia-Puiu<\/a><\/li>\n\n\n\n<li><a href=\"https:\/\/lni.ro\/wp-content\/uploads\/2025\/02\/Declaratie-de-interese-Luchian-D.-1.pdf\" data-type=\"attachment\" data-id=\"7054\">Luchian Didi\u021ba<\/a><\/li>\n\n\n\n<li><a href=\"https:\/\/lni.ro\/wp-content\/uploads\/2025\/02\/Declaratie-de-interese-Mardare-C.-1.pdf\" data-type=\"attachment\" data-id=\"7055\">Mardare Cornelia<\/a><\/li>\n\n\n\n<li><a href=\"https:\/\/lni.ro\/wp-content\/uploads\/2025\/02\/Declaratie-de-interese-Mariciuc-V.-1.pdf\" data-type=\"attachment\" data-id=\"7056\">Mariciuc Vasile<\/a><\/li>\n\n\n\n<li><a href=\"https:\/\/lni.ro\/wp-content\/uploads\/2025\/02\/Declaratie-de-interese-Matei-Cristina-1.pdf\" data-type=\"attachment\" data-id=\"7057\">Matei Cristina-Mihaela<\/a><\/li>\n\n\n\n<li><a href=\"https:\/\/lni.ro\/wp-content\/uploads\/2025\/02\/Declaratie-de-interese-Matei-G.-1.pdf\" data-type=\"attachment\" data-id=\"7058\">Matei Gabriel<\/a><\/li>\n\n\n\n<li><a href=\"https:\/\/lni.ro\/wp-content\/uploads\/2025\/02\/Declaratie-de-interese-Matei-Lacramioara-1.pdf\" data-type=\"attachment\" data-id=\"7059\">Matei L\u0103cr\u0103mioara<\/a><\/li>\n\n\n\n<li><a href=\"https:\/\/lni.ro\/wp-content\/uploads\/2025\/02\/Declaratie-de-interese-Matei-Liviu-1.pdf\" data-type=\"attachment\" data-id=\"7060\">Matei Liviu<\/a><\/li>\n\n\n\n<li><a href=\"https:\/\/lni.ro\/wp-content\/uploads\/2025\/02\/Declaratie-de-interese-Maxim-D.-1.pdf\" data-type=\"attachment\" data-id=\"7061\">Maxim Daniela<\/a><\/li>\n\n\n\n<li><a href=\"https:\/\/lni.ro\/wp-content\/uploads\/2025\/02\/Declaratie-de-interese-Munteanu-F.1.pdf\" data-type=\"attachment\" data-id=\"7062\">Munteanu Florin<\/a><\/li>\n\n\n\n<li><a href=\"https:\/\/lni.ro\/wp-content\/uploads\/2025\/02\/Declaratie-de-interese-Nastasa-I.-1.pdf\" data-type=\"attachment\" data-id=\"7063\">Nastas\u0103 Irina-Aurelia<\/a><\/li>\n\n\n\n<li><a href=\"https:\/\/lni.ro\/wp-content\/uploads\/2025\/02\/Declaratie-de-interese-Nazare-M.-1.pdf\" data-type=\"attachment\" data-id=\"7064\">Nazare Mircea-Ionu\u021b<\/a><\/li>\n\n\n\n<li><a href=\"https:\/\/lni.ro\/wp-content\/uploads\/2025\/02\/Declaratie-de-interese-Nechita-A.-1.pdf\" data-type=\"attachment\" data-id=\"7065\">Nechita Andrei-Ovidiu<\/a><\/li>\n\n\n\n<li><a href=\"https:\/\/lni.ro\/wp-content\/uploads\/2025\/02\/Declaratie-de-interese-Onciu-D.-1.pdf\" data-type=\"attachment\" data-id=\"7066\">Onciu Dumitru<\/a><\/li>\n\n\n\n<li><a href=\"https:\/\/lni.ro\/wp-content\/uploads\/2025\/02\/Declaratie-de-interese-Onica-F.-1.pdf\" data-type=\"attachment\" data-id=\"7067\">Onic\u0103 Florin<\/a><\/li>\n\n\n\n<li><a href=\"https:\/\/lni.ro\/wp-content\/uploads\/2025\/02\/Declaratie-de-interese-Pancu-I.-1.pdf\" data-type=\"attachment\" data-id=\"7068\">Pancu Ion<\/a><\/li>\n\n\n\n<li><a href=\"https:\/\/lni.ro\/wp-content\/uploads\/2025\/02\/Declaratie-de-interese-Pandele-D.-1.pdf\" data-type=\"attachment\" data-id=\"7069\">Pandele Daniela<\/a><\/li>\n\n\n\n<li><a href=\"https:\/\/lni.ro\/wp-content\/uploads\/2025\/02\/Declaratie-de-interese-Picincu-C.-1.pdf\" data-type=\"attachment\" data-id=\"7070\">Picincu Cristina-Andreea<\/a><\/li>\n\n\n\n<li><a href=\"https:\/\/lni.ro\/wp-content\/uploads\/2025\/02\/Declaratie-de-interese-Poiana-M.-1.pdf\" data-type=\"attachment\" data-id=\"7071\">Poian\u0103 Mihaela<\/a><\/li>\n\n\n\n<li><a href=\"https:\/\/lni.ro\/wp-content\/uploads\/2025\/02\/Declaratie-de-interese-Popa-A.-1.pdf\" data-type=\"attachment\" data-id=\"7072\">Popa Arthemiza-Mihaela<\/a><\/li>\n\n\n\n<li><a href=\"https:\/\/lni.ro\/wp-content\/uploads\/2025\/02\/Declaratie-de-interese-Popa-L.-1.pdf\" data-type=\"attachment\" data-id=\"7073\">Popa Liviu-Mircea<\/a><\/li>\n\n\n\n<li><a href=\"https:\/\/lni.ro\/wp-content\/uploads\/2025\/02\/Declaratie-de-interese-Popovici-M.-1.pdf\" data-type=\"attachment\" data-id=\"7074\">Popovici Mihai-Dionise<\/a><\/li>\n\n\n\n<li><a href=\"https:\/\/lni.ro\/wp-content\/uploads\/2025\/02\/Declaratie-de-interese-Radu-Todirascu-D.-1.pdf\" data-type=\"attachment\" data-id=\"7075\">Radu-Todira\u0219cu Daniela<\/a><\/li>\n\n\n\n<li><a href=\"https:\/\/lni.ro\/wp-content\/uploads\/2025\/02\/Declaratie-de-interese-Raileanu-D.-1.pdf\" data-type=\"attachment\" data-id=\"7076\">R\u0103ileanu Doini\u021ba<\/a><\/li>\n\n\n\n<li><a href=\"https:\/\/lni.ro\/wp-content\/uploads\/2025\/02\/Declaratie-de-interese-Rosu-Mariana-1.pdf\" data-type=\"attachment\" data-id=\"7077\">Ro\u0219u Mariana<\/a><\/li>\n\n\n\n<li><a href=\"https:\/\/lni.ro\/wp-content\/uploads\/2025\/02\/Declaratie-de-interese-Rosu-Mihaela-1.pdf\" data-type=\"attachment\" data-id=\"7078\">Ro\u0219u Mihaela<\/a><\/li>\n\n\n\n<li><a href=\"https:\/\/lni.ro\/wp-content\/uploads\/2025\/02\/Declaratie-de-interese-Rotariu-M.-1.pdf\" data-type=\"attachment\" data-id=\"7079\">Rotariu Mihaela-Luciana<\/a><\/li>\n\n\n\n<li><a href=\"https:\/\/lni.ro\/wp-content\/uploads\/2025\/02\/Declaratie-de-interese-Rotila-V.-1.pdf\" data-type=\"attachment\" data-id=\"7080\">Rotil\u0103 Viorica<\/a><\/li>\n\n\n\n<li><a href=\"https:\/\/lni.ro\/wp-content\/uploads\/2025\/02\/Declaratie-de-interese-Secrieru-A.-1.pdf\" data-type=\"attachment\" data-id=\"7081\">Secrieru Angela-Veronica<\/a><\/li>\n\n\n\n<li><a href=\"https:\/\/lni.ro\/wp-content\/uploads\/2025\/02\/Declaratie-de-interese-Sofrone-I.-1.pdf\" data-type=\"attachment\" data-id=\"7082\">Sofrone Ioan<\/a><\/li>\n\n\n\n<li><a href=\"https:\/\/lni.ro\/wp-content\/uploads\/2025\/02\/Declaratie-de-interese-Spinu-D.-1.pdf\" data-type=\"attachment\" data-id=\"7083\">Sp\u00eenu Dan<\/a><\/li>\n\n\n\n<li><a href=\"https:\/\/lni.ro\/wp-content\/uploads\/2025\/02\/Declaratie-de-interese-Stratan-M.-1.pdf\" data-type=\"attachment\" data-id=\"7084\">Stratan Maricica<\/a><\/li>\n\n\n\n<li><a href=\"https:\/\/lni.ro\/wp-content\/uploads\/2025\/02\/Declaratie-de-interese-Soreanu-D.-1.pdf\" data-type=\"attachment\" data-id=\"7085\">\u0218oreanu Dumitru-Paul<\/a><\/li>\n\n\n\n<li><a href=\"https:\/\/lni.ro\/wp-content\/uploads\/2025\/02\/Declaratie-de-interese-Stirbu-Ana-1.pdf\" data-type=\"attachment\" data-id=\"7086\">\u0218tirbu Ana-Maria<\/a><\/li>\n\n\n\n<li><a href=\"https:\/\/lni.ro\/wp-content\/uploads\/2025\/02\/Declaratie-de-interese-Sudeanu-S.-1.pdf\" data-type=\"attachment\" data-id=\"7087\">\u0218udeanu Stelian-Aristide<\/a><\/li>\n\n\n\n<li><a href=\"https:\/\/lni.ro\/wp-content\/uploads\/2025\/02\/Declaratie-de-interese-Toderita-M.-1.pdf\" data-type=\"attachment\" data-id=\"7088\">Toderi\u021b\u0103 Maria-Cecilia<\/a><\/li>\n\n\n\n<li><a href=\"https:\/\/lni.ro\/wp-content\/uploads\/2025\/02\/Declaratie-de-interese-Toma-V.-1.pdf\" data-type=\"attachment\" data-id=\"7089\">Toma Viorel<\/a><\/li>\n\n\n\n<li><a href=\"https:\/\/lni.ro\/wp-content\/uploads\/2025\/02\/Declaratie-de-interese-Ungureanu-A.-1.pdf\" data-type=\"attachment\" data-id=\"7090\">Ungureanu Andreea<\/a><\/li>\n\n\n\n<li><a href=\"https:\/\/lni.ro\/wp-content\/uploads\/2025\/02\/Declaratie-de-interese-Ungurianu-O.-1.pdf\" data-type=\"attachment\" data-id=\"7091\">Ungurianu Ovidiu<\/a><\/li>\n\n\n\n<li><a href=\"https:\/\/lni.ro\/wp-content\/uploads\/2025\/02\/Declaratie-de-interese-Ursache-A.-1.pdf\" data-type=\"attachment\" data-id=\"7092\">Ursache Alexandru-Ioan<\/a><\/li>\n\n\n\n<li><a href=\"https:\/\/lni.ro\/wp-content\/uploads\/2025\/02\/Declaratie-de-interese-Vargan-M.-1.pdf\" data-type=\"attachment\" data-id=\"7093\">Vargan Maria-Teodora<\/a><\/li>\n\n\n\n<li><a href=\"https:\/\/lni.ro\/wp-content\/uploads\/2025\/02\/Declaratie-de-interese-Vasiliu-L.-1.pdf\" data-type=\"attachment\" data-id=\"7094\">Vasiliu Lenu\u021ba<\/a><\/li>\n\n\n\n<li><a href=\"https:\/\/lni.ro\/wp-content\/uploads\/2025\/02\/Declaratie-de-interese-Vieru-M.-1.pdf\" data-type=\"attachment\" data-id=\"7095\">Vieru Mioara<\/a><\/li>\n<\/ul>\n\n\n\n<p><\/p>\n","protected":false},"excerpt":{"rendered":"<p>Probiere chicken road demo kostenlos aus.<\/p>\n","protected":false},"author":1,"featured_media":0,"parent":0,"menu_order":0,"comment_status":"closed","ping_status":"closed","template":"","meta":{"footnotes":""},"class_list":["post-7010","page","type-page","status-publish","hentry"],"_links":{"self":[{"href":"https:\/\/lni.ro\/index.php?rest_route=\/wp\/v2\/pages\/7010","targetHints":{"allow":["GET"]}}],"collection":[{"href":"https:\/\/lni.ro\/index.php?rest_route=\/wp\/v2\/pages"}],"about":[{"href":"https:\/\/lni.ro\/index.php?rest_route=\/wp\/v2\/types\/page"}],"author":[{"embeddable":true,"href":"https:\/\/lni.ro\/index.php?rest_route=\/wp\/v2\/users\/1"}],"replies":[{"embeddable":true,"href":"https:\/\/lni.ro\/index.php?rest_route=%2Fwp%2Fv2%2Fcomments&post=7010"}],"version-history":[{"count":10,"href":"https:\/\/lni.ro\/index.php?rest_route=\/wp\/v2\/pages\/7010\/revisions"}],"predecessor-version":[{"id":7101,"href":"https:\/\/lni.ro\/index.php?rest_route=\/wp\/v2\/pages\/7010\/revisions\/7101"}],"wp:attachment":[{"href":"https:\/\/lni.ro\/index.php?rest_route=%2Fwp%2Fv2%2Fmedia&parent=7010"}],"curies":[{"name":"wp","href":"https:\/\/api.w.org\/{rel}","templated":true}]}}