{"id":7142,"date":"2025-03-18T15:46:58","date_gmt":"2025-03-18T13:46:58","guid":{"rendered":"http:\/\/lni.ro\/?page_id=7142"},"modified":"2026-04-29T07:43:04","modified_gmt":"2026-04-29T05:43:04","slug":"hotarari-ale-consiliului-de-administratie","status":"publish","type":"page","link":"https:\/\/lni.ro\/?page_id=7142","title":{"rendered":"Hot\u0103r\u00e2ri ale Consiliului de Administra\u021bie"},"content":{"rendered":"\n<p><a href=\"https:\/\/lni.ro\/wp-content\/uploads\/2025\/03\/hotarari2024.tar.gz\">Arhiva hot\u0103r\u00e2ri C.A. 2024-2025<\/a><br><\/p>\n\n\n\n<p><strong>Urm\u0103toarele hot\u0103r\u00e2ri sunt emise \u00een anul \u0219colar 2025-2026<\/strong>:<\/p>\n\n\n\n<p><a href=\"https:\/\/lni.ro\/wp-content\/uploads\/2025\/10\/HCA01_redacted.pdf\">Hot\u0103r\u00e2rea nr. 1<\/a><br><a href=\"https:\/\/lni.ro\/wp-content\/uploads\/2025\/10\/HCA02_redacted.pdf\">Hot\u0103r\u00e2rea nr. 2<\/a><br><a href=\"https:\/\/lni.ro\/wp-content\/uploads\/2025\/10\/HCA03_redacted.pdf\">Hot\u0103r\u00e2rea nr. 3<\/a><br><a href=\"https:\/\/lni.ro\/wp-content\/uploads\/2025\/10\/HCA04_redacted.pdf\">Hot\u0103r\u00e2rea nr. 4<\/a><br><a href=\"https:\/\/lni.ro\/wp-content\/uploads\/2026\/01\/HCA05_redacted.pdf\">Hot\u0103r\u00e2rea nr. 5<\/a><br><a href=\"https:\/\/lni.ro\/wp-content\/uploads\/2026\/01\/HCA06_redacted.pdf\">Hot\u0103r\u00e2rea nr. 6<\/a><br><a href=\"https:\/\/lni.ro\/wp-content\/uploads\/2026\/01\/HCA07_redacted.pdf\">Hot\u0103r\u00e2rea nr. 7<\/a><br><a href=\"https:\/\/lni.ro\/wp-content\/uploads\/2026\/01\/HCA08_redacted.pdf\">Hot\u0103r\u00e2rea nr. 8<\/a><br><a href=\"https:\/\/lni.ro\/wp-content\/uploads\/2026\/01\/HCA09_redacted.pdf\">Hot\u0103r\u00e2rea nr. 9<\/a><br><a href=\"https:\/\/lni.ro\/wp-content\/uploads\/2026\/01\/HCA10__redacted.pdf\">Hot\u0103r\u00e2rea nr. 10<\/a><br><a href=\"https:\/\/lni.ro\/wp-content\/uploads\/2026\/03\/HCA11_redacted.pdf\">Hot\u0103r\u00e2rea nr. 11<\/a><br><a href=\"https:\/\/lni.ro\/wp-content\/uploads\/2026\/04\/HCA12_redacted.pdf\">Hot\u0103r\u00e2rea nr. 12<\/a><br><a href=\"https:\/\/lni.ro\/wp-content\/uploads\/2026\/04\/HCA13_redacted.pdf\">Hot\u0103r\u00e2rea nr. 13<\/a><br><a href=\"https:\/\/lni.ro\/wp-content\/uploads\/2026\/04\/HCA14_redacted.pdf\">Hot\u0103r\u00e2rea nr. 14<\/a><br><a href=\"https:\/\/lni.ro\/wp-content\/uploads\/2026\/04\/HCA15_redacted.pdf\">Hot\u0103r\u00e2rea nr. 15<\/a><\/p>\n","protected":false},"excerpt":{"rendered":"<p>Arhiva hot\u0103r\u00e2ri C.A. 2024-2025 Urm\u0103toarele hot\u0103r\u00e2ri sunt emise \u00een anul \u0219colar 2025-2026: Hot\u0103r\u00e2rea nr. 1Hot\u0103r\u00e2rea nr. 2Hot\u0103r\u00e2rea nr. 3Hot\u0103r\u00e2rea nr. 4Hot\u0103r\u00e2rea nr. 5Hot\u0103r\u00e2rea nr. 6Hot\u0103r\u00e2rea nr. 7Hot\u0103r\u00e2rea nr. 8Hot\u0103r\u00e2rea nr. 9Hot\u0103r\u00e2rea nr. 10Hot\u0103r\u00e2rea nr. 11Hot\u0103r\u00e2rea nr. 12Hot\u0103r\u00e2rea nr. 13Hot\u0103r\u00e2rea nr. 14Hot\u0103r\u00e2rea nr. 15<\/p>\n","protected":false},"author":1,"featured_media":0,"parent":0,"menu_order":0,"comment_status":"closed","ping_status":"closed","template":"","meta":{"footnotes":""},"class_list":["post-7142","page","type-page","status-publish","hentry"],"_links":{"self":[{"href":"https:\/\/lni.ro\/index.php?rest_route=\/wp\/v2\/pages\/7142","targetHints":{"allow":["GET"]}}],"collection":[{"href":"https:\/\/lni.ro\/index.php?rest_route=\/wp\/v2\/pages"}],"about":[{"href":"https:\/\/lni.ro\/index.php?rest_route=\/wp\/v2\/types\/page"}],"author":[{"embeddable":true,"href":"https:\/\/lni.ro\/index.php?rest_route=\/wp\/v2\/users\/1"}],"replies":[{"embeddable":true,"href":"https:\/\/lni.ro\/index.php?rest_route=%2Fwp%2Fv2%2Fcomments&post=7142"}],"version-history":[{"count":14,"href":"https:\/\/lni.ro\/index.php?rest_route=\/wp\/v2\/pages\/7142\/revisions"}],"predecessor-version":[{"id":74801,"href":"https:\/\/lni.ro\/index.php?rest_route=\/wp\/v2\/pages\/7142\/revisions\/74801"}],"wp:attachment":[{"href":"https:\/\/lni.ro\/index.php?rest_route=%2Fwp%2Fv2%2Fmedia&parent=7142"}],"curies":[{"name":"wp","href":"https:\/\/api.w.org\/{rel}","templated":true}]}}