{"id":7181,"date":"2025-06-19T08:02:01","date_gmt":"2025-06-19T06:02:01","guid":{"rendered":"https:\/\/lni.ro\/?page_id=7181"},"modified":"2025-10-08T12:02:44","modified_gmt":"2025-10-08T10:02:44","slug":"declaratie-de-accesibilitate","status":"publish","type":"page","link":"https:\/\/lni.ro\/?page_id=7181","title":{"rendered":"Declara\u021bie de accesibilitate"},"content":{"rendered":"\n<p><strong>Liceul Tehnologic \u201eNicolae Iorga\u201d din Negre\u0219ti<\/strong> se angajeaz\u0103 s\u0103 asigure accesibilitatea site-ului s\u0103u web <strong>https:\/\/lni.ro<\/strong> \u00een conformitate cu prevederile Directivei (UE) 2016\/2102 a Parlamentului European \u0219i a Consiliului privind accesibilitatea site-urilor web \u0219i a aplica\u021biilor mobile ale organismelor din sectorul public.<\/p>\n\n\n\n<p><strong>Starea de conformitate<\/strong>:<br>Site-ul <a href=\"https:\/\/lni.ro\">https:\/\/lni.ro<\/a> este par\u021bial conform cu standardele WCAG 2.1, nivel AA, din cauza neconformit\u0103\u021bilor \u0219i excep\u021biilor enumerate mai jos.<\/p>\n\n\n\n<p><strong>Con\u021binut inaccesibil<\/strong>:<br>Con\u021binutul de mai jos nu este accesibil din urm\u0103toarele motive:<br>&#8211; Unele imagini nu au alternative textuale (atribut alt).<br>&#8211; Structura titlurilor nu este \u00eentotdeauna ierarhic\u0103.<br>&#8211; Contrastul de culoare \u00eentre text \u0219i fundal poate fi insuficient \u00een anumite sec\u021biuni.<br>&#8211; Unele documente PDF nu sunt complet accesibile pentru cititoarele de ecran.<\/p>\n\n\n\n<p><strong>Preg\u0103tirea declara\u021biei<\/strong>:<br>Aceast\u0103 declara\u021bie a fost redactat\u0103 la data de 19 iunie 2025.<br>Evaluarea s-a realizat printr-o autoevaluare intern\u0103.<\/p>\n\n\n\n<p><strong>Feedback \u0219i date de contact<\/strong>:<br>Dac\u0103 \u00eent\u00e2mpina\u021bi dificult\u0103\u021bi \u00een accesarea con\u021binutului de pe site sau ave\u021bi sugestii pentru \u00eembun\u0103t\u0103\u021birea accesibilit\u0103\u021bii, v\u0103 rug\u0103m s\u0103 ne contacta\u021bi:<\/p>\n\n\n\n<p>Email: accesibilitate@lni.ro<br>Telefon: 0235.457.582<br>Adres\u0103: Str. 1 Decembrie, nr. 3, Negre\u0219ti, Vaslui, Rom\u00e2nia<br>Vom r\u0103spunde solicit\u0103rilor \u00een termen de 5 zile lucr\u0103toare.<\/p>\n\n\n\n<p><strong>Procedura de asigurare a respect\u0103rii<\/strong>:<br>\u00cen cazul unui r\u0103spuns nesatisf\u0103c\u0103tor la notificare sau solicitare, v\u0103 pute\u021bi adresa Autorit\u0103\u021bii pentru Digitalizarea Rom\u00e2niei la <a href=\"https:\/\/adr.gov.ro\">https:\/\/adr.gov.ro<\/a>.<\/p>\n","protected":false},"excerpt":{"rendered":"<p>Liceul Tehnologic \u201eNicolae Iorga\u201d din Negre\u0219ti se angajeaz\u0103 s\u0103 asigure accesibilitatea site-ului s\u0103u web https:\/\/lni.ro \u00een conformitate cu prevederile Directivei (UE) 2016\/2102 a Parlamentului European \u0219i a Consiliului privind accesibilitatea site-urilor web \u0219i a aplica\u021biilor mobile ale organismelor din sectorul public. Starea de conformitate:Site-ul https:\/\/lni.ro este par\u021bial conform cu standardele WCAG 2.1, nivel AA, din&#8230;<\/p>\n<p class=\"more-link-wrap\"><a href=\"https:\/\/lni.ro\/?page_id=7181\" class=\"more-link\">Read More<span class=\"screen-reader-text\"> &ldquo;Declara\u021bie de accesibilitate&rdquo;<\/span> &raquo;<\/a><\/p>\n","protected":false},"author":1,"featured_media":0,"parent":0,"menu_order":0,"comment_status":"closed","ping_status":"closed","template":"","meta":{"footnotes":""},"class_list":["post-7181","page","type-page","status-publish","hentry"],"_links":{"self":[{"href":"https:\/\/lni.ro\/index.php?rest_route=\/wp\/v2\/pages\/7181","targetHints":{"allow":["GET"]}}],"collection":[{"href":"https:\/\/lni.ro\/index.php?rest_route=\/wp\/v2\/pages"}],"about":[{"href":"https:\/\/lni.ro\/index.php?rest_route=\/wp\/v2\/types\/page"}],"author":[{"embeddable":true,"href":"https:\/\/lni.ro\/index.php?rest_route=\/wp\/v2\/users\/1"}],"replies":[{"embeddable":true,"href":"https:\/\/lni.ro\/index.php?rest_route=%2Fwp%2Fv2%2Fcomments&post=7181"}],"version-history":[{"count":6,"href":"https:\/\/lni.ro\/index.php?rest_route=\/wp\/v2\/pages\/7181\/revisions"}],"predecessor-version":[{"id":74695,"href":"https:\/\/lni.ro\/index.php?rest_route=\/wp\/v2\/pages\/7181\/revisions\/74695"}],"wp:attachment":[{"href":"https:\/\/lni.ro\/index.php?rest_route=%2Fwp%2Fv2%2Fmedia&parent=7181"}],"curies":[{"name":"wp","href":"https:\/\/api.w.org\/{rel}","templated":true}]}}